{"id":1197,"date":"2023-12-14T06:26:26","date_gmt":"2023-12-14T05:26:26","guid":{"rendered":"https:\/\/design-without-borders.eu\/2024\/?page_id=1197"},"modified":"2025-01-18T05:08:58","modified_gmt":"2025-01-18T04:08:58","slug":"imp","status":"publish","type":"page","link":"https:\/\/design-without-borders.eu\/2024\/imp\/","title":{"rendered":"Impressum"},"content":{"rendered":"<div class=\"brz-root__container brz-reset-all brz brz-root__container-page\">\n<section id=\"3D\" class=\"brz-section brz-css-1m9u90k brz-css-1isgic5\">\n<div class=\"brz-section__content brz-section--fullWidth brz-css-13m2mbb brz-css-19vft24\" data-brz-custom-id=\"aFfd9JJDE5Y3\">\n<div class=\"brz-bg\">\n<div class=\"brz-bg-color\"><\/div>\n<\/div>\n<div class=\"brz-container brz-css-1bgie1m brz-css-yx0ozf\">\n<div class=\"brz-row__container brz-css-1obpr71\" data-brz-custom-id=\"pMZac5wVOfCY\">\n<div class=\"brz-bg\"><\/div>\n<div class=\"brz-row brz-css-1pkw36t\">\n<div class=\"brz-columns brz-css-fgsrku brz-css-3s8hh6\" data-brz-custom-id=\"bcS163ptAtog\">\n<div class=\"brz-bg\">\n<div class=\"brz-bg-color\"><\/div>\n<\/div>\n<div class=\"brz-column__items brz-css-11rsn8f brz-css-zel96o\">\n<div id=\"\" class=\"brz-css-js5r2i brz-wrapper\">\n<div class=\"brz-rich-text brz-rich-text__custom brz-css-1g8da1u\" data-brz-custom-id=\"i7r6k60IafjJ\">\n<div data-brz-translate-text=\"1\">\n<p class=\"brz-tp-lg-hMd99MxU25t2 brz-lh-lg-1_9 brz-ls-lg-0 brz-fw-lg-400 brz-fss-lg-px brz-fs-lg-16 brz-ft-google brz-ff-palanquin brz-css-hKo1p\" data-uniq-id=\"mXpf7\" data-generated-css=\"brz-css-gd7Vz\"><a class=\"link--external\" style=\"opacity: 1\" href=\"https:\/\/design-without-borders.eu\/2024\" data-brz-link-type=\"external\"><strong><em><u>BACK TO MAIN PAGE<\/u><\/em><\/strong><\/a><a class=\"link--external\" style=\"opacity: 1\" href=\"https:\/\/design-without-borders.eu\/2024\" data-brz-link-type=\"external\" target=\"_blank\"><strong><u> \/ VISSZA A F\u0150OLDALRA<\/u><\/strong><\/a><\/p>\n<\/div>\n<\/div>\n<\/div>\n<\/div>\n<\/div>\n<\/div>\n<\/div>\n<\/div>\n<\/div>\n<\/section>\n<section id=\"_oneZCrxJVgvf\" class=\"brz-section brz-css-1m9u90k\">\n<div class=\"brz-section__content brz-section--fullWidth brz-css-13m2mbb brz-css-kua527\" data-brz-custom-id=\"n83SA1mdFovf\">\n<div class=\"brz-container brz-css-1bgie1m brz-css-17eik2u\">\n<div class=\"brz-row__container brz-css-1obpr71 brz-css-rhh3y2\" data-brz-custom-id=\"kvMudASwAlwc\">\n<div class=\"brz-bg\"><\/div>\n<div class=\"brz-row brz-css-1pkw36t brz-css-1vad709\">\n<div class=\"brz-columns brz-css-fgsrku\" data-brz-custom-id=\"eRMeocZQQtDc\">\n<div class=\"brz-bg\"><\/div>\n<div class=\"brz-column__items brz-css-11rsn8f brz-css-163ornt\">\n<div id=\"\" class=\"brz-css-js5r2i brz-wrapper\">\n<div class=\"brz-rich-text brz-rich-text__custom brz-css-1g8da1u\" data-brz-custom-id=\"zBZSG4VLXDHO\">\n<div data-brz-translate-text=\"1\">\n<p class=\"brz-text-lg-justify brz-bcp-color7 brz-mt-lg-0 brz-tp-lg-empty brz-ff-palanquin_dark brz-ft-google brz-fs-lg-24 brz-fss-lg-px brz-fw-lg-500 brz-ls-lg-m_1_5 brz-lh-lg-1_3 brz-css-alrwP\" data-generated-css=\"brz-css-ckY6P\" data-uniq-id=\"eDYcM\"><span style=\"opacity: 1\" class=\"brz-cp-color2\">IMPRESSUM<\/span><\/p>\n<p class=\"brz-text-lg-left brz-tp-lg-empty brz-ff-overpass brz-ft-google brz-fs-lg-18 brz-fss-lg-px brz-fw-lg-300 brz-ls-lg-0 brz-lh-lg-1_5 brz-css-bKvNg\" data-generated-css=\"brz-css-y4ND4\" data-uniq-id=\"o77xI\"><\/p>\n<p class=\"brz-text-lg-left brz-tp-lg-empty brz-ff-overpass brz-ft-google brz-fs-lg-18 brz-fss-lg-px brz-fw-lg-300 brz-ls-lg-0 brz-lh-lg-1_5 brz-css-xFHJS\" data-generated-css=\"brz-css-kIwqX\" data-uniq-id=\"kQzb6\"><em>Provider <\/em>\/ Szolg\u00e1ltat\u00f3<\/p>\n<p class=\"brz-text-lg-left brz-tp-lg-empty brz-ff-overpass brz-ft-google brz-fs-lg-18 brz-fss-lg-px brz-fw-lg-300 brz-ls-lg-0 brz-lh-lg-1_5 brz-css-klugt\" data-generated-css=\"brz-css-zmwcr\" data-uniq-id=\"f2UyQ\"><\/p>\n<p class=\"brz-text-lg-left brz-tp-lg-empty brz-ff-overpass brz-ft-google brz-fs-lg-18 brz-fss-lg-px brz-fw-lg-300 brz-ls-lg-0 brz-lh-lg-1_5 brz-css-wij6u\" data-generated-css=\"brz-css-ihopx\" data-uniq-id=\"uUySX\"><em class=\"brz-cp-color7\">Name <\/em><span class=\"brz-cp-color7\">\/ N\u00e9v: Unik\u00e1t Bt<\/span><\/p>\n<p class=\"brz-text-lg-left brz-tp-lg-empty brz-ff-overpass brz-ft-google brz-fs-lg-18 brz-fss-lg-px brz-fw-lg-300 brz-ls-lg-0 brz-lh-lg-1_5 brz-css-uMVcR\" data-generated-css=\"brz-css-spopA\" data-uniq-id=\"ropym\"><em class=\"brz-cp-color7\">Location <\/em><span class=\"brz-cp-color7\">\/ Helysz\u00edn: 1188 K\u00f6lcsey u 104<\/span><\/p>\n<p class=\"brz-text-lg-left brz-tp-lg-empty brz-ff-overpass brz-ft-google brz-fs-lg-18 brz-fss-lg-px brz-fw-lg-300 brz-ls-lg-0 brz-lh-lg-1_5 brz-css-fVkHv\" data-generated-css=\"brz-css-iVCFk\" data-uniq-id=\"jF67b\"><em class=\"brz-cp-color7\">TAX No. <\/em><span class=\"brz-cp-color7\">\/ Ad\u00f3sz\u00e1m: 28534820-2-43<\/span><\/p>\n<p class=\"brz-text-lg-left brz-tp-lg-empty brz-ff-overpass brz-ft-google brz-fs-lg-18 brz-fss-lg-px brz-fw-lg-300 brz-ls-lg-0 brz-lh-lg-1_5 brz-css-oSHyJ\" data-generated-css=\"brz-css-k3TyJ\" data-uniq-id=\"lyETB\"><em class=\"brz-cp-color7\">Representative <\/em><span class=\"brz-cp-color7\">\/ K\u00e9pviseli: Radn\u00f3ti Tam\u00e1s<\/span><\/p>\n<p class=\"brz-text-lg-left brz-tp-lg-empty brz-ff-overpass brz-ft-google brz-fs-lg-18 brz-fss-lg-px brz-fw-lg-300 brz-ls-lg-0 brz-lh-lg-1_5 brz-vfw-lg-400 brz-fwdth-lg-100 brz-fsft-lg-0 brz-css-idjQ7\" data-generated-css=\"brz-css-h6xp1\" data-uniq-id=\"zxegC\"><em class=\"brz-cp-color7\">Email:<\/em><span class=\"brz-cp-color7 brz-span\"> <\/span><span class=\"brz-cp-color7 brz-span\">designwithoutborders@gmail.com<\/span><\/p>\n<p class=\"brz-text-lg-left brz-tp-lg-empty brz-ff-overpass brz-ft-google brz-fs-lg-18 brz-fss-lg-px brz-fw-lg-300 brz-ls-lg-0 brz-lh-lg-1_5 brz-css-xPO5o\" data-generated-css=\"brz-css-i7zC1\" data-uniq-id=\"nKxRl\"><em class=\"brz-cp-color7\">Phone <\/em><span class=\"brz-cp-color7\">\/ Telefon:+36-20-913-54-32<\/span><\/p>\n<p class=\"brz-text-lg-left brz-tp-lg-empty brz-ff-overpass brz-ft-google brz-fs-lg-18 brz-fss-lg-px brz-fw-lg-300 brz-ls-lg-0 brz-lh-lg-1_5 brz-css-fg6cY\" data-generated-css=\"brz-css-kbXDH\" data-uniq-id=\"aUAon\"><\/p>\n<p class=\"brz-text-lg-left brz-tp-lg-empty brz-ff-overpass brz-ft-google brz-fs-lg-18 brz-fss-lg-px brz-fw-lg-300 brz-ls-lg-0 brz-lh-lg-1_5 brz-css-hOv2s\" data-generated-css=\"brz-css-o6Miq\" data-uniq-id=\"kzsEM\"><span class=\"brz-cp-color7\">F\u0151v\u00e1rosi T\u00f6rv\u00e9nysz\u00e9k C\u00e9gb\u00edr\u00f3s\u00e1ga<\/span><\/p>\n<p class=\"brz-text-lg-left brz-tp-lg-empty brz-ff-overpass brz-ft-google brz-fs-lg-18 brz-fss-lg-px brz-fw-lg-300 brz-ls-lg-0 brz-lh-lg-1_5 brz-css-xe0xp\" data-generated-css=\"brz-css-zgceC\" data-uniq-id=\"jcPBg\"><span class=\"brz-cp-color7\"> <\/span><\/p>\n<p class=\"brz-text-lg-left brz-tp-lg-empty brz-ff-overpass brz-ft-google brz-fs-lg-18 brz-fss-lg-px brz-fw-lg-300 brz-ls-lg-0 brz-lh-lg-1_5 brz-css-kmVlv\" data-generated-css=\"brz-css-cqOcO\" data-uniq-id=\"xnVaW\"><span class=\"brz-cp-color7\">Magyar Kereskedelmi \u00e9s Iparkamara<\/span><\/p>\n<p class=\"brz-text-lg-left brz-tp-lg-empty brz-ff-overpass brz-ft-google brz-fs-lg-18 brz-fss-lg-px brz-fw-lg-300 brz-ls-lg-0 brz-lh-lg-1_5 brz-css-xwTfv\" data-generated-css=\"brz-css-wngLU\" data-uniq-id=\"pYp5W\"><\/p>\n<p class=\"brz-text-lg-left brz-tp-lg-empty brz-ff-overpass brz-ft-google brz-fs-lg-18 brz-fss-lg-px brz-fw-lg-300 brz-ls-lg-0 brz-lh-lg-1_5 brz-css-q_BXw\" data-generated-css=\"brz-css-eqpT_\" data-uniq-id=\"rfIa6\"><em class=\"brz-cp-color7\">Service provider <\/em><span class=\"brz-cp-color7\">\/ Webszolg\u00e1ltat\u00f3:<\/span><\/p>\n<p class=\"brz-text-lg-left brz-tp-lg-empty brz-ff-overpass brz-ft-google brz-fs-lg-18 brz-fss-lg-px brz-fw-lg-300 brz-ls-lg-0 brz-lh-lg-1_5 brz-css-xd268\" data-generated-css=\"brz-css-qoNOv\" data-uniq-id=\"rAdLd\"><span class=\"brz-cp-color7\">Ruffnet Zrt. (2724 \u00dajlengyel, Hat\u00e1r utca 12.)<\/span><\/p>\n<p class=\"brz-tp-lg-subtitle brz-text-lg-left brz-css-hHvGW\" data-generated-css=\"brz-css-bWQfj\" data-uniq-id=\"o8a2N\"><\/p>\n<\/div>\n<\/div>\n<\/div>\n<div id=\"\" class=\"brz-css-js5r2i brz-css-yhk0ga brz-wrapper\">\n<div class=\"brz-spacer brz-css-r0myyt brz-css-i1do9y\"><\/div>\n<\/div>\n<\/div>\n<\/div>\n<div class=\"brz-columns brz-css-fgsrku brz-css-124sm30\" data-brz-custom-id=\"iCI4yq4S0Nid\">\n<div class=\"brz-bg\"><\/div>\n<div class=\"brz-column__items brz-css-11rsn8f brz-css-l09tqq\">\n<div id=\"\" class=\"brz-css-js5r2i brz-css-sbd1ha brz-wrapper\">\n<div class=\"brz-image brz-css-gjnkcm brz-css-19d791q\" data-brz-custom-id=\"ilZCamEsBAc0\"><img decoding=\"async\" class=\"brz-img\" src=\"https:\/\/design-without-borders.eu\/2024\/2024\/wp-content\/uploads\/2023\/12\/dwb2024_blue_004593.jpg\" alt=\"\" loading=\"lazy\"><\/div>\n<\/div>\n<\/div>\n<\/div>\n<\/div>\n<\/div>\n<\/div>\n<\/div>\n<\/section>\n<\/div>\n<p>    <!-- version:1737173338 --><\/p>\n","protected":false},"excerpt":{"rendered":"<p>BACK TO MAIN PAGE \/ VISSZA A F\u0150OLDALRA IMPRESSUM Provider \/ Szolg\u00e1ltat\u00f3 Name \/ N\u00e9v: Unik\u00e1t Bt Location \/ Helysz\u00edn: 1188 K\u00f6lcsey u 104 TAX No. \/ Ad\u00f3sz\u00e1m: 28534820-2-43 Representative \/ K\u00e9pviseli: Radn\u00f3ti Tam\u00e1s Email: designwithoutborders@gmail.com Phone \/ Telefon:+36-20-913-54-32 F\u0151v\u00e1rosi T\u00f6rv\u00e9nysz\u00e9k C\u00e9gb\u00edr\u00f3s\u00e1ga Magyar Kereskedelmi \u00e9s Iparkamara Service provider \/ Webszolg\u00e1ltat\u00f3: Ruffnet Zrt. (2724 \u00dajlengyel, Hat\u00e1r [&hellip;]<\/p>\n","protected":false},"author":2,"featured_media":0,"parent":0,"menu_order":0,"comment_status":"closed","ping_status":"closed","template":"brizy-blank-template.php","meta":{"footnotes":""},"class_list":["post-1197","page","type-page","status-publish","hentry"],"_links":{"self":[{"href":"https:\/\/design-without-borders.eu\/2024\/wp-json\/wp\/v2\/pages\/1197","targetHints":{"allow":["GET"]}}],"collection":[{"href":"https:\/\/design-without-borders.eu\/2024\/wp-json\/wp\/v2\/pages"}],"about":[{"href":"https:\/\/design-without-borders.eu\/2024\/wp-json\/wp\/v2\/types\/page"}],"author":[{"embeddable":true,"href":"https:\/\/design-without-borders.eu\/2024\/wp-json\/wp\/v2\/users\/2"}],"replies":[{"embeddable":true,"href":"https:\/\/design-without-borders.eu\/2024\/wp-json\/wp\/v2\/comments?post=1197"}],"version-history":[{"count":8,"href":"https:\/\/design-without-borders.eu\/2024\/wp-json\/wp\/v2\/pages\/1197\/revisions"}],"predecessor-version":[{"id":37068,"href":"https:\/\/design-without-borders.eu\/2024\/wp-json\/wp\/v2\/pages\/1197\/revisions\/37068"}],"wp:attachment":[{"href":"https:\/\/design-without-borders.eu\/2024\/wp-json\/wp\/v2\/media?parent=1197"}],"curies":[{"name":"wp","href":"https:\/\/api.w.org\/{rel}","templated":true}]}}